{"id":3,"date":"2020-02-15T00:54:15","date_gmt":"2020-02-14T23:54:15","guid":{"rendered":"http:\/\/www.leti.lt\/wordpress\/?page_id=3"},"modified":"2020-06-11T15:15:14","modified_gmt":"2020-06-11T13:15:14","slug":"politique-de-confidentialite","status":"publish","type":"page","link":"https:\/\/www.leti.lt\/wordpress\/politique-de-confidentialite\/","title":{"rendered":"Politique de confidentialit\u00e9"},"content":{"rendered":"\n<h2 class=\"wp-block-heading\">Qui sommes-nous&nbsp;?<\/h2>\n\n\n\n<p>L\u2019adresse de notre site Web est&nbsp;: <a href=\"https:\/\/www.leti.lt\" target=\"_blank\" rel=\"noreferrer noopener\">https:\/\/\u200bwww\u200b.leti\u200b.lt<\/a><\/p>\n\n\n\n<h2 class=\"wp-block-heading\">Utilisation des donn\u00e9es personnelles collect\u00e9es<\/h2>\n\n\n\n<h3 class=\"wp-block-heading\">Commentaires<\/h3>\n\n\n\n<p>Quand vous lais\u00adsez un com\u00admen\u00adtaire sur notre site web, les don\u00adn\u00e9es ins\u00adcrites dans le for\u00admu\u00adlaire de com\u00admen\u00adtaire, mais aus\u00adsi votre adresse IP et l\u2019agent uti\u00adli\u00adsa\u00adteur de votre navi\u00adga\u00adteur sont col\u00adlec\u00adt\u00e9s pour nous aider \u00e0&nbsp;la d\u00e9tec\u00adtion des com\u00admen\u00adtaires ind\u00e9sirables.<\/p>\n\n\n\n<p>Une cha\u00eene ano\u00adny\u00admi\u00ads\u00e9e cr\u00e9\u00e9e \u00e0&nbsp;par\u00adtir de votre adresse de mes\u00adsa\u00adge\u00adrie (\u00e9ga\u00adle\u00adment appe\u00adl\u00e9e hash) peut \u00eatre envoy\u00e9e au ser\u00advice Gra\u00adva\u00adtar pour v\u00e9ri\u00adfier si vous uti\u00adli\u00adsez ce der\u00adnier. Les clauses de confi\u00adden\u00adtia\u00adli\u00adt\u00e9 du ser\u00advice Gra\u00adva\u00adtar sont dis\u00adpo\u00adnibles ici&nbsp;: <a rel=\"noreferrer noopener\" href=\"https:\/\/automattic.com\/privacy\/\" target=\"_blank\">https:\/\/\u200bauto\u200bmat\u200btic\u200b.com\/\u200bp\u200br\u200bi\u200bv\u200ba\u200bcy\/<\/a>. Apr\u00e8s vali\u00adda\u00adtion de votre com\u00admen\u00adtaire, votre pho\u00adto de pro\u00adfil sera visible publi\u00adque\u00adment \u00e0&nbsp;cot\u00e9 de votre commentaire.<\/p>\n\n\n\n<p>Votre adresse de mes\u00adsa\u00adge\u00adrie n\u2019est divul\u00adgu\u00e9e \u00e0&nbsp;aucun autre ser\u00advice, ni publi\u00e9e, et ne sera uti\u00adli\u00ads\u00e9e que pour vous contac\u00adter en pri\u00adv\u00e9 sur des ques\u00adtions li\u00e9es au com\u00admen\u00adtaire que vous&nbsp;avez&nbsp;soumis.<\/p>\n\n\n\n<h3 class=\"wp-block-heading\">Cookies<\/h3>\n\n\n\n<p>Si vous d\u00e9po\u00adsez un com\u00admen\u00adtaire sur notre site, il vous sera pro\u00adpo\u00ads\u00e9 d\u2019enregistrer votre nom, adresse de mes\u00adsa\u00adge\u00adrie et site web dans des cookies. C\u2019est uni\u00adque\u00adment pour votre confort afin de ne pas avoir \u00e0&nbsp;sai\u00adsir ces infor\u00adma\u00adtions si vous d\u00e9po\u00adsez un autre com\u00admen\u00adtaire plus tard. Ces cookies expirent au bout d\u2019un&nbsp;an.<\/p>\n\n\n\n<p>Si vous avez un compte et que vous vous connec\u00adtez sur ce site, un cookie tem\u00adpo\u00adraire sera cr\u00e9\u00e9 afin de d\u00e9ter\u00admi\u00adner si votre navi\u00adga\u00adteur accepte les cookies. Il ne contient pas de don\u00adn\u00e9es per\u00adson\u00adnelles et sera sup\u00adpri\u00adm\u00e9 auto\u00adma\u00adti\u00adque\u00adment \u00e0&nbsp;la fer\u00adme\u00adture de votre navigateur.<\/p>\n\n\n\n<p>Lorsque vous vous connec\u00adte\u00adrez, nous met\u00adtrons en place un cer\u00adtain nombre de cookies pour enre\u00adgis\u00adtrer vos infor\u00adma\u00adtions de connexion et vos pr\u00e9\u00adf\u00e9\u00adrences d\u2019\u00e9cran. La dur\u00e9e de vie d\u2019un cookie de connexion est de deux jours, celle d\u2019un cookie d\u2019option d\u2019\u00e9cran est d\u2019un an. Si vous cochez \u00ab&nbsp;Se sou\u00adve\u00adnir de moi&nbsp;\u00bb, votre cookie de connexion sera conser\u00adv\u00e9 pen\u00addant deux semaines. Si vous vous d\u00e9con\u00adnec\u00adtez de votre compte, le cookie de connexion sera effac\u00e9.<\/p>\n\n\n\n<p>En modi\u00adfiant ou en publiant une publi\u00adca\u00adtion, un cookie sup\u00adpl\u00e9\u00admen\u00adtaire sera enre\u00adgis\u00adtr\u00e9 dans votre navi\u00adga\u00adteur. Ce cookie ne com\u00adprend aucune don\u00adn\u00e9e per\u00adson\u00adnelle. Il indique sim\u00adple\u00adment l\u2019ID de la publi\u00adca\u00adtion que vous venez de modi\u00adfier. Il expire au bout d\u2019un&nbsp;jour.<\/p>\n\n\n\n<h3 class=\"wp-block-heading\">Contenu embarqu\u00e9 depuis d\u2019autres sites<\/h3>\n\n\n\n<p>Les articles de ce site peuvent inclure des conte\u00adnus int\u00e9\u00adgr\u00e9s (par exemple des vid\u00e9os, images, articles\u2026). Le conte\u00adnu int\u00e9\u00adgr\u00e9 depuis d\u2019autres sites se com\u00adporte de la m\u00eame mani\u00e8re que si le visi\u00adteur se ren\u00addait sur cet autre&nbsp;site.<\/p>\n\n\n\n<p>Ces sites web pour\u00adraient col\u00adlec\u00adter des don\u00adn\u00e9es sur vous, uti\u00adli\u00adser des cookies, embar\u00adquer des outils de sui\u00advis tiers, suivre vos inter\u00adac\u00adtions avec ces conte\u00adnus embar\u00adqu\u00e9s si vous dis\u00adpo\u00adsez d\u2019un compte connec\u00adt\u00e9 sur leur site&nbsp;web.<\/p>\n\n\n\n<h3 class=\"wp-block-heading\">Dur\u00e9es de stockage de vos donn\u00e9es<\/h3>\n\n\n\n<p>Si vous lais\u00adsez un com\u00admen\u00adtaire, le com\u00admen\u00adtaire et ses m\u00e9ta\u00addon\u00adn\u00e9es sont conser\u00adv\u00e9s ind\u00e9\u00adfi\u00adni\u00adment. Cela per\u00admet de recon\u00adna\u00eetre et approu\u00adver auto\u00adma\u00adti\u00adque\u00adment les com\u00admen\u00adtaires sui\u00advants au lieu de les lais\u00adser dans la file de mod\u00e9ration.<\/p>\n\n\n\n<p>Pour les uti\u00adli\u00adsa\u00adteurs et uti\u00adli\u00adsa\u00adtrices qui s\u2019enregistrent sur notre site (si cela est pos\u00adsible), nous sto\u00adckons \u00e9ga\u00adle\u00adment les don\u00adn\u00e9es per\u00adson\u00adnelles indi\u00adqu\u00e9es dans leur pro\u00adfil&nbsp;: nom, pr\u00e9\u00adnom et adresse de mes\u00adsa\u00adge\u00adrie. Tous les uti\u00adli\u00adsa\u00adteurs et uti\u00adli\u00adsa\u00adtrices peuvent voir, modi\u00adfier ou sup\u00adpri\u00admer leurs infor\u00adma\u00adtions per\u00adson\u00adnelles \u00e0&nbsp;tout moment (\u00e0 l\u2019exception de leur nom d\u2019utilisateur\u00b7ice). Les ges\u00adtion\u00adnaires du site peuvent aus\u00adsi voir et modi\u00adfier ces informations.<\/p>\n\n\n\n<h3 class=\"wp-block-heading\">Les droits que vous avez sur vos donn\u00e9es<\/h3>\n\n\n\n<p>Si vous avez un compte ou si vous avez lais\u00ads\u00e9 des com\u00admen\u00adtaires sur le site, vous pou\u00advez deman\u00adder \u00e0&nbsp;rece\u00advoir un fichier conte\u00adnant toutes les don\u00adn\u00e9es per\u00adson\u00adnelles que nous pos\u00ads\u00e9\u00addons \u00e0&nbsp;votre sujet, incluant celles que vous nous avez four\u00adnies. Vous pou\u00advez \u00e9ga\u00adle\u00adment deman\u00adder la sup\u00adpres\u00adsion des don\u00adn\u00e9es per\u00adson\u00adnelles vous concer\u00adnant. Cela ne prend pas en compte les don\u00adn\u00e9es sto\u00adck\u00e9es \u00e0&nbsp;des fins admi\u00adnis\u00adtra\u00adtives, l\u00e9gales ou pour des rai\u00adsons de s\u00e9curit\u00e9.<\/p>\n\n\n\n<h3 class=\"wp-block-heading\">Transmission de vos donn\u00e9es personnelles<\/h3>\n\n\n\n<p>Les com\u00admen\u00adtaires des visi\u00adteurs peuvent \u00eatre v\u00e9ri\u00adfi\u00e9s \u00e0&nbsp;l\u2019aide d\u2019un ser\u00advice auto\u00adma\u00adti\u00ads\u00e9 de d\u00e9tec\u00adtion des com\u00admen\u00adtaires ind\u00e9sirables.<\/p>\n\n\n\n<h3 class=\"wp-block-heading\">Informations de contact<\/h3>\n\n\n\n<p>Le Tilt\u200a\u2014\u200aAndr\u00e9ine et Ber\u00adnard Bel<br>30 rue de la Tour<br>83340 Les Mayons<br>contact@\u200byukido.\u200bfr<\/p>\n<p style=\"color:green; text-align:right !important;\">Article cr\u00e9\u00e9 le 15\/02\/2020 \u2013 modi\u00adfi\u00e9 le 11\/06\/2020<\/p>","protected":false},"excerpt":{"rendered":"<p>Qui sommes-nous&nbsp;? L\u2019adresse de notre site Web est&nbsp;: https:\/\/\u200bwww\u200b.leti\u200b.lt Uti\u00adli\u00adsa\u00adtion des don\u00adn\u00e9es per\u00adson\u00adnelles col\u00adlec\u00adt\u00e9es Com\u00admen\u00adtaires Quand vous lais\u00adsez un com\u00admen\u00adtaire sur notre site web, les don\u00adn\u00e9es ins\u00adcrites dans le for\u00admu\u00adlaire de com\u00admen\u00adtaire, mais aus\u00adsi votre adresse IP et l\u2019agent uti\u00adli\u00adsa\u00adteur de votre navi\u00adga\u00adteur sont col\u00adlec\u00adt\u00e9s pour nous aider \u00e0&nbsp;la d\u00e9tec\u00adtion des com\u00admen\u00adtaires ind\u00e9\u00adsi\u00adrables. Une cha\u00eene ano\u00adny\u00admi\u00ads\u00e9e cr\u00e9\u00e9e \u00e0&nbsp;par\u00adtir de votre adresse de mes\u00adsa\u00adge\u00adrie (\u00e9ga\u00adle\u00adment appe\u00adl\u00e9e hash) peut \u00eatre envoy\u00e9e au ser\u00advice Gra\u00adva\u00adtar pour v\u00e9ri\u00adfier si vous uti\u00adli\u00adsez ce der\u00adnier.&nbsp;Les&nbsp;[\u2026]<\/p>\n","protected":false},"author":2,"featured_media":0,"parent":0,"menu_order":2,"comment_status":"closed","ping_status":"open","template":"","meta":{"wp_typography_post_enhancements_disabled":false,"footnotes":""},"class_list":["post-3","page","type-page","status-publish","hentry"],"yoast_head":"<!-- This site is optimized with the Yoast SEO plugin v27.5 - https:\/\/yoast.com\/product\/yoast-seo-wordpress\/ -->\n<title>Politique de confidentialit\u00e9 - Le TILT<\/title>\n<meta name=\"robots\" content=\"index, follow, max-snippet:-1, max-image-preview:large, max-video-preview:-1\" \/>\n<link rel=\"canonical\" href=\"https:\/\/www.leti.lt\/wordpress\/politique-de-confidentialite\/\" \/>\n<meta property=\"og:locale\" content=\"fr_FR\" \/>\n<meta property=\"og:type\" content=\"article\" \/>\n<meta property=\"og:title\" content=\"Politique de confidentialit\u00e9 - Le TILT\" \/>\n<meta property=\"og:description\" content=\"Qui sommes-nous&nbsp;? L\u2019adresse de notre site Web est&nbsp;: https:\/\/\u200bwww\u200b.leti\u200b.lt Utilisation des donn\u00e9es personnelles collect\u00e9es Commentaires Quand vous lais\u00adsez un com\u00admen\u00adtaire sur notre site web, les don\u00adn\u00e9es ins\u00adcrites dans le for\u00admu\u00adlaire de com\u00admen\u00adtaire, mais aus\u00adsi votre adresse IP et l\u2019agent uti\u00adli\u00adsa\u00adteur de votre navi\u00adga\u00adteur sont col\u00adlec\u00adt\u00e9s pour nous aider \u00e0&nbsp;la d\u00e9tec\u00adtion des com\u00admen\u00adtaires ind\u00e9sirables. Une cha\u00eene ano\u00adny\u00admi\u00ads\u00e9e cr\u00e9\u00e9e \u00e0&nbsp;par\u00adtir de votre adresse de mes\u00adsa\u00adge\u00adrie (\u00e9ga\u00adle\u00adment appe\u00adl\u00e9e hash) peut \u00eatre envoy\u00e9e au ser\u00advice Gra\u00adva\u00adtar pour v\u00e9ri\u00adfier si vous uti\u00adli\u00adsez ce der\u00adnier. Les [&hellip;]\" \/>\n<meta property=\"og:url\" content=\"https:\/\/www.leti.lt\/wordpress\/politique-de-confidentialite\/\" \/>\n<meta property=\"og:site_name\" content=\"Le TILT\" \/>\n<meta property=\"article:modified_time\" content=\"2020-06-11T13:15:14+00:00\" \/>\n<meta name=\"twitter:card\" content=\"summary_large_image\" \/>\n<meta name=\"twitter:label1\" content=\"Dur\u00e9e de lecture estim\u00e9e\" \/>\n\t<meta name=\"twitter:data1\" content=\"4 minutes\" \/>\n<script type=\"application\/ld+json\" class=\"yoast-schema-graph\">{\"@context\":\"https:\\\/\\\/schema.org\",\"@graph\":[{\"@type\":\"WebPage\",\"@id\":\"https:\\\/\\\/www.leti.lt\\\/wordpress\\\/politique-de-confidentialite\\\/\",\"url\":\"https:\\\/\\\/www.leti.lt\\\/wordpress\\\/politique-de-confidentialite\\\/\",\"name\":\"Politique de confidentialit\u00e9 - Le TILT\",\"isPartOf\":{\"@id\":\"https:\\\/\\\/www.leti.lt\\\/wordpress\\\/#website\"},\"datePublished\":\"2020-02-14T23:54:15+00:00\",\"dateModified\":\"2020-06-11T13:15:14+00:00\",\"breadcrumb\":{\"@id\":\"https:\\\/\\\/www.leti.lt\\\/wordpress\\\/politique-de-confidentialite\\\/#breadcrumb\"},\"inLanguage\":\"fr-FR\",\"potentialAction\":[{\"@type\":\"ReadAction\",\"target\":[\"https:\\\/\\\/www.leti.lt\\\/wordpress\\\/politique-de-confidentialite\\\/\"]}]},{\"@type\":\"BreadcrumbList\",\"@id\":\"https:\\\/\\\/www.leti.lt\\\/wordpress\\\/politique-de-confidentialite\\\/#breadcrumb\",\"itemListElement\":[{\"@type\":\"ListItem\",\"position\":1,\"name\":\"Accueil\",\"item\":\"https:\\\/\\\/www.leti.lt\\\/wordpress\\\/\"},{\"@type\":\"ListItem\",\"position\":2,\"name\":\"Politique de confidentialit\u00e9\"}]},{\"@type\":\"WebSite\",\"@id\":\"https:\\\/\\\/www.leti.lt\\\/wordpress\\\/#website\",\"url\":\"https:\\\/\\\/www.leti.lt\\\/wordpress\\\/\",\"name\":\"Le TILT\",\"description\":\"Recherche, publication, cr\u00e9ation artistique\",\"potentialAction\":[{\"@type\":\"SearchAction\",\"target\":{\"@type\":\"EntryPoint\",\"urlTemplate\":\"https:\\\/\\\/www.leti.lt\\\/wordpress\\\/?s={search_term_string}\"},\"query-input\":{\"@type\":\"PropertyValueSpecification\",\"valueRequired\":true,\"valueName\":\"search_term_string\"}}],\"inLanguage\":\"fr-FR\"}]}<\/script>\n<!-- \/ Yoast SEO plugin. -->","yoast_head_json":{"title":"Politique de confidentialit\u00e9 - Le TILT","robots":{"index":"index","follow":"follow","max-snippet":"max-snippet:-1","max-image-preview":"max-image-preview:large","max-video-preview":"max-video-preview:-1"},"canonical":"https:\/\/www.leti.lt\/wordpress\/politique-de-confidentialite\/","og_locale":"fr_FR","og_type":"article","og_title":"Politique de confidentialit\u00e9 - Le TILT","og_description":"Qui sommes-nous&nbsp;? L\u2019adresse de notre site Web est&nbsp;: https:\/\/\u200bwww\u200b.leti\u200b.lt Utilisation des donn\u00e9es personnelles collect\u00e9es Commentaires Quand vous lais\u00adsez un com\u00admen\u00adtaire sur notre site web, les don\u00adn\u00e9es ins\u00adcrites dans le for\u00admu\u00adlaire de com\u00admen\u00adtaire, mais aus\u00adsi votre adresse IP et l\u2019agent uti\u00adli\u00adsa\u00adteur de votre navi\u00adga\u00adteur sont col\u00adlec\u00adt\u00e9s pour nous aider \u00e0&nbsp;la d\u00e9tec\u00adtion des com\u00admen\u00adtaires ind\u00e9sirables. Une cha\u00eene ano\u00adny\u00admi\u00ads\u00e9e cr\u00e9\u00e9e \u00e0&nbsp;par\u00adtir de votre adresse de mes\u00adsa\u00adge\u00adrie (\u00e9ga\u00adle\u00adment appe\u00adl\u00e9e hash) peut \u00eatre envoy\u00e9e au ser\u00advice Gra\u00adva\u00adtar pour v\u00e9ri\u00adfier si vous uti\u00adli\u00adsez ce der\u00adnier. Les [&hellip;]","og_url":"https:\/\/www.leti.lt\/wordpress\/politique-de-confidentialite\/","og_site_name":"Le TILT","article_modified_time":"2020-06-11T13:15:14+00:00","twitter_card":"summary_large_image","twitter_misc":{"Dur\u00e9e de lecture estim\u00e9e":"4 minutes"},"schema":{"@context":"https:\/\/schema.org","@graph":[{"@type":"WebPage","@id":"https:\/\/www.leti.lt\/wordpress\/politique-de-confidentialite\/","url":"https:\/\/www.leti.lt\/wordpress\/politique-de-confidentialite\/","name":"Politique de confidentialit\u00e9 - Le TILT","isPartOf":{"@id":"https:\/\/www.leti.lt\/wordpress\/#website"},"datePublished":"2020-02-14T23:54:15+00:00","dateModified":"2020-06-11T13:15:14+00:00","breadcrumb":{"@id":"https:\/\/www.leti.lt\/wordpress\/politique-de-confidentialite\/#breadcrumb"},"inLanguage":"fr-FR","potentialAction":[{"@type":"ReadAction","target":["https:\/\/www.leti.lt\/wordpress\/politique-de-confidentialite\/"]}]},{"@type":"BreadcrumbList","@id":"https:\/\/www.leti.lt\/wordpress\/politique-de-confidentialite\/#breadcrumb","itemListElement":[{"@type":"ListItem","position":1,"name":"Accueil","item":"https:\/\/www.leti.lt\/wordpress\/"},{"@type":"ListItem","position":2,"name":"Politique de confidentialit\u00e9"}]},{"@type":"WebSite","@id":"https:\/\/www.leti.lt\/wordpress\/#website","url":"https:\/\/www.leti.lt\/wordpress\/","name":"Le TILT","description":"Recherche, publication, cr\u00e9ation artistique","potentialAction":[{"@type":"SearchAction","target":{"@type":"EntryPoint","urlTemplate":"https:\/\/www.leti.lt\/wordpress\/?s={search_term_string}"},"query-input":{"@type":"PropertyValueSpecification","valueRequired":true,"valueName":"search_term_string"}}],"inLanguage":"fr-FR"}]}},"_links":{"self":[{"href":"https:\/\/www.leti.lt\/wordpress\/wp-json\/wp\/v2\/pages\/3","targetHints":{"allow":["GET"]}}],"collection":[{"href":"https:\/\/www.leti.lt\/wordpress\/wp-json\/wp\/v2\/pages"}],"about":[{"href":"https:\/\/www.leti.lt\/wordpress\/wp-json\/wp\/v2\/types\/page"}],"author":[{"embeddable":true,"href":"https:\/\/www.leti.lt\/wordpress\/wp-json\/wp\/v2\/users\/2"}],"replies":[{"embeddable":true,"href":"https:\/\/www.leti.lt\/wordpress\/wp-json\/wp\/v2\/comments?post=3"}],"version-history":[{"count":9,"href":"https:\/\/www.leti.lt\/wordpress\/wp-json\/wp\/v2\/pages\/3\/revisions"}],"predecessor-version":[{"id":799,"href":"https:\/\/www.leti.lt\/wordpress\/wp-json\/wp\/v2\/pages\/3\/revisions\/799"}],"wp:attachment":[{"href":"https:\/\/www.leti.lt\/wordpress\/wp-json\/wp\/v2\/media?parent=3"}],"curies":[{"name":"wp","href":"https:\/\/api.w.org\/{rel}","templated":true}]}}